{"id":8,"date":"2019-12-11T03:36:22","date_gmt":"2019-12-11T03:36:22","guid":{"rendered":"http:\/\/77.240.19.22\/~minimove\/move\/?page_id=8"},"modified":"2024-12-13T07:11:03","modified_gmt":"2024-12-13T07:11:03","slug":"yhteystiedot","status":"publish","type":"page","link":"https:\/\/minimove.fi\/move\/yhteystiedot\/","title":{"rendered":"Yhteystiedot"},"content":{"rendered":"<h2><img loading=\"lazy\" decoding=\"async\" class=\"alignnone size-medium wp-image-764\" src=\"https:\/\/minimove.fi\/move\/wp-content\/uploads\/2021\/03\/Minsku-messuilla.jpg\" alt=\"\" width=\"1\" height=\"1\" \/>Yhteystiedot<\/h2>\n<p>Kysymykset ja lis\u00e4tiedot:<\/p>\n<p>Pekka Kokko<\/p>\n<p>Globex Oy<\/p>\n<p>Markkinointip\u00e4\u00e4llikk\u00f6<\/p>\n<p>+358 40 500 4645<\/p>\n<p><a href=\"mailto:pekka.kokko@globex.fi\">pekka.kokko@globex.fi<\/a><\/p>\n<p><strong>MiniMove<\/strong> on rekister\u00f6ity tavaramerkki. MiniMoven tuottaa <a href=\"https:\/\/globex.fi\/globexwp\/\">Globex Oy<\/a><\/p>\n<hr \/>\n\n<p>&nbsp;<\/p>\n<!-- AddThis Advanced Settings generic via filter on the_content --><!-- AddThis Share Buttons generic via filter on the_content -->","protected":false},"excerpt":{"rendered":"<p>Yhteystiedot Kysymykset ja lis\u00e4tiedot: Pekka Kokko Globex Oy Markkinointip\u00e4\u00e4llikk\u00f6 +358 40 500 4645 pekka.kokko@globex.fi MiniMove on rekister\u00f6ity tavaramerkki. MiniMoven tuottaa Globex Oy &nbsp;<!-- AddThis Advanced Settings generic via filter on get_the_excerpt --><!-- AddThis Share Buttons generic via filter on get_the_excerpt --><\/p>\n","protected":false},"author":3,"featured_media":0,"parent":0,"menu_order":0,"comment_status":"closed","ping_status":"closed","template":"","meta":{"_acf_changed":false,"footnotes":""},"class_list":["post-8","page","type-page","status-publish","hentry"],"acf":[],"yoast_head":"<!-- This site is optimized with the Yoast SEO plugin v27.6 - https:\/\/yoast.com\/product\/yoast-seo-wordpress\/ -->\n<title>Yhteystiedot Yhteystiedor ole rohkeasti yhteydess\u00e4!- Minimove<\/title>\n<meta name=\"description\" content=\"Katso yhteystiedot ja ole rohkeasti yhteydess\u00e4. Lis\u00e4t\u00e4\u00e4n yhdess\u00e4 iloista liikett\u00e4! Minimove Yhteystiedot -\" \/>\n<meta name=\"robots\" content=\"index, follow, max-snippet:-1, max-image-preview:large, max-video-preview:-1\" \/>\n<link rel=\"canonical\" href=\"https:\/\/minimove.fi\/move\/yhteystiedot\/\" \/>\n<meta property=\"og:locale\" content=\"fi_FI\" \/>\n<meta property=\"og:type\" content=\"article\" \/>\n<meta property=\"og:title\" content=\"Yhteystiedot Yhteystiedor ole rohkeasti yhteydess\u00e4!- Minimove\" \/>\n<meta property=\"og:description\" content=\"Katso yhteystiedot ja ole rohkeasti yhteydess\u00e4. Lis\u00e4t\u00e4\u00e4n yhdess\u00e4 iloista liikett\u00e4! Minimove Yhteystiedot -\" \/>\n<meta property=\"og:url\" content=\"https:\/\/minimove.fi\/move\/yhteystiedot\/\" \/>\n<meta property=\"og:site_name\" content=\"Minimove\" \/>\n<meta property=\"article:modified_time\" content=\"2024-12-13T07:11:03+00:00\" \/>\n<meta property=\"og:image\" content=\"https:\/\/minimove.fi\/move\/wp-content\/uploads\/2021\/03\/Minsku-messuilla.jpg\" \/>\n\t<meta property=\"og:image:width\" content=\"1\" \/>\n\t<meta property=\"og:image:height\" content=\"1\" \/>\n\t<meta property=\"og:image:type\" content=\"image\/jpeg\" \/>\n<meta name=\"twitter:card\" content=\"summary_large_image\" \/>\n<meta name=\"twitter:label1\" content=\"Arvioitu lukuaika\" \/>\n\t<meta name=\"twitter:data1\" content=\"1 minuutti\" \/>\n<script type=\"application\/ld+json\" class=\"yoast-schema-graph\">{\"@context\":\"https:\\\/\\\/schema.org\",\"@graph\":[{\"@type\":\"WebPage\",\"@id\":\"https:\\\/\\\/minimove.fi\\\/move\\\/yhteystiedot\\\/\",\"url\":\"https:\\\/\\\/minimove.fi\\\/move\\\/yhteystiedot\\\/\",\"name\":\"Yhteystiedot Yhteystiedor ole rohkeasti yhteydess\u00e4!- Minimove\",\"isPartOf\":{\"@id\":\"https:\\\/\\\/minimove.fi\\\/move\\\/#website\"},\"primaryImageOfPage\":{\"@id\":\"https:\\\/\\\/minimove.fi\\\/move\\\/yhteystiedot\\\/#primaryimage\"},\"image\":{\"@id\":\"https:\\\/\\\/minimove.fi\\\/move\\\/yhteystiedot\\\/#primaryimage\"},\"thumbnailUrl\":\"https:\\\/\\\/minimove.fi\\\/move\\\/wp-content\\\/uploads\\\/2021\\\/03\\\/Minsku-messuilla.jpg\",\"datePublished\":\"2019-12-11T03:36:22+00:00\",\"dateModified\":\"2024-12-13T07:11:03+00:00\",\"description\":\"Katso yhteystiedot ja ole rohkeasti yhteydess\u00e4. Lis\u00e4t\u00e4\u00e4n yhdess\u00e4 iloista liikett\u00e4! Minimove Yhteystiedot -\",\"breadcrumb\":{\"@id\":\"https:\\\/\\\/minimove.fi\\\/move\\\/yhteystiedot\\\/#breadcrumb\"},\"inLanguage\":\"fi\",\"potentialAction\":[{\"@type\":\"ReadAction\",\"target\":[\"https:\\\/\\\/minimove.fi\\\/move\\\/yhteystiedot\\\/\"]}]},{\"@type\":\"ImageObject\",\"inLanguage\":\"fi\",\"@id\":\"https:\\\/\\\/minimove.fi\\\/move\\\/yhteystiedot\\\/#primaryimage\",\"url\":\"https:\\\/\\\/minimove.fi\\\/move\\\/wp-content\\\/uploads\\\/2021\\\/03\\\/Minsku-messuilla.jpg\",\"contentUrl\":\"https:\\\/\\\/minimove.fi\\\/move\\\/wp-content\\\/uploads\\\/2021\\\/03\\\/Minsku-messuilla.jpg\"},{\"@type\":\"BreadcrumbList\",\"@id\":\"https:\\\/\\\/minimove.fi\\\/move\\\/yhteystiedot\\\/#breadcrumb\",\"itemListElement\":[{\"@type\":\"ListItem\",\"position\":1,\"name\":\"Etusivu\",\"item\":\"https:\\\/\\\/minimove.fi\\\/move\\\/\"},{\"@type\":\"ListItem\",\"position\":2,\"name\":\"Yhteystiedot\"}]},{\"@type\":\"WebSite\",\"@id\":\"https:\\\/\\\/minimove.fi\\\/move\\\/#website\",\"url\":\"https:\\\/\\\/minimove.fi\\\/move\\\/\",\"name\":\"Minimove\",\"description\":\"Iloista liikett&auml; varhaiskasvatukseen!\",\"publisher\":{\"@id\":\"https:\\\/\\\/minimove.fi\\\/move\\\/#organization\"},\"potentialAction\":[{\"@type\":\"SearchAction\",\"target\":{\"@type\":\"EntryPoint\",\"urlTemplate\":\"https:\\\/\\\/minimove.fi\\\/move\\\/?s={search_term_string}\"},\"query-input\":{\"@type\":\"PropertyValueSpecification\",\"valueRequired\":true,\"valueName\":\"search_term_string\"}}],\"inLanguage\":\"fi\"},{\"@type\":\"Organization\",\"@id\":\"https:\\\/\\\/minimove.fi\\\/move\\\/#organization\",\"name\":\"Minimove\",\"url\":\"https:\\\/\\\/minimove.fi\\\/move\\\/\",\"logo\":{\"@type\":\"ImageObject\",\"inLanguage\":\"fi\",\"@id\":\"https:\\\/\\\/minimove.fi\\\/move\\\/#\\\/schema\\\/logo\\\/image\\\/\",\"url\":\"https:\\\/\\\/minimove.fi\\\/move\\\/wp-content\\\/uploads\\\/2019\\\/12\\\/minimove_logo_210px.png\",\"contentUrl\":\"https:\\\/\\\/minimove.fi\\\/move\\\/wp-content\\\/uploads\\\/2019\\\/12\\\/minimove_logo_210px.png\",\"width\":210,\"height\":120,\"caption\":\"Minimove\"},\"image\":{\"@id\":\"https:\\\/\\\/minimove.fi\\\/move\\\/#\\\/schema\\\/logo\\\/image\\\/\"}}]}<\/script>\n<!-- \/ Yoast SEO plugin. -->","yoast_head_json":{"title":"Yhteystiedot Yhteystiedor ole rohkeasti yhteydess\u00e4!- Minimove","description":"Katso yhteystiedot ja ole rohkeasti yhteydess\u00e4. Lis\u00e4t\u00e4\u00e4n yhdess\u00e4 iloista liikett\u00e4! Minimove Yhteystiedot -","robots":{"index":"index","follow":"follow","max-snippet":"max-snippet:-1","max-image-preview":"max-image-preview:large","max-video-preview":"max-video-preview:-1"},"canonical":"https:\/\/minimove.fi\/move\/yhteystiedot\/","og_locale":"fi_FI","og_type":"article","og_title":"Yhteystiedot Yhteystiedor ole rohkeasti yhteydess\u00e4!- Minimove","og_description":"Katso yhteystiedot ja ole rohkeasti yhteydess\u00e4. Lis\u00e4t\u00e4\u00e4n yhdess\u00e4 iloista liikett\u00e4! Minimove Yhteystiedot -","og_url":"https:\/\/minimove.fi\/move\/yhteystiedot\/","og_site_name":"Minimove","article_modified_time":"2024-12-13T07:11:03+00:00","og_image":[{"url":"https:\/\/minimove.fi\/move\/wp-content\/uploads\/2021\/03\/Minsku-messuilla.jpg","width":1,"height":1,"type":"image\/jpeg"}],"twitter_card":"summary_large_image","twitter_misc":{"Arvioitu lukuaika":"1 minuutti"},"schema":{"@context":"https:\/\/schema.org","@graph":[{"@type":"WebPage","@id":"https:\/\/minimove.fi\/move\/yhteystiedot\/","url":"https:\/\/minimove.fi\/move\/yhteystiedot\/","name":"Yhteystiedot Yhteystiedor ole rohkeasti yhteydess\u00e4!- Minimove","isPartOf":{"@id":"https:\/\/minimove.fi\/move\/#website"},"primaryImageOfPage":{"@id":"https:\/\/minimove.fi\/move\/yhteystiedot\/#primaryimage"},"image":{"@id":"https:\/\/minimove.fi\/move\/yhteystiedot\/#primaryimage"},"thumbnailUrl":"https:\/\/minimove.fi\/move\/wp-content\/uploads\/2021\/03\/Minsku-messuilla.jpg","datePublished":"2019-12-11T03:36:22+00:00","dateModified":"2024-12-13T07:11:03+00:00","description":"Katso yhteystiedot ja ole rohkeasti yhteydess\u00e4. Lis\u00e4t\u00e4\u00e4n yhdess\u00e4 iloista liikett\u00e4! Minimove Yhteystiedot -","breadcrumb":{"@id":"https:\/\/minimove.fi\/move\/yhteystiedot\/#breadcrumb"},"inLanguage":"fi","potentialAction":[{"@type":"ReadAction","target":["https:\/\/minimove.fi\/move\/yhteystiedot\/"]}]},{"@type":"ImageObject","inLanguage":"fi","@id":"https:\/\/minimove.fi\/move\/yhteystiedot\/#primaryimage","url":"https:\/\/minimove.fi\/move\/wp-content\/uploads\/2021\/03\/Minsku-messuilla.jpg","contentUrl":"https:\/\/minimove.fi\/move\/wp-content\/uploads\/2021\/03\/Minsku-messuilla.jpg"},{"@type":"BreadcrumbList","@id":"https:\/\/minimove.fi\/move\/yhteystiedot\/#breadcrumb","itemListElement":[{"@type":"ListItem","position":1,"name":"Etusivu","item":"https:\/\/minimove.fi\/move\/"},{"@type":"ListItem","position":2,"name":"Yhteystiedot"}]},{"@type":"WebSite","@id":"https:\/\/minimove.fi\/move\/#website","url":"https:\/\/minimove.fi\/move\/","name":"Minimove","description":"Iloista liikett&auml; varhaiskasvatukseen!","publisher":{"@id":"https:\/\/minimove.fi\/move\/#organization"},"potentialAction":[{"@type":"SearchAction","target":{"@type":"EntryPoint","urlTemplate":"https:\/\/minimove.fi\/move\/?s={search_term_string}"},"query-input":{"@type":"PropertyValueSpecification","valueRequired":true,"valueName":"search_term_string"}}],"inLanguage":"fi"},{"@type":"Organization","@id":"https:\/\/minimove.fi\/move\/#organization","name":"Minimove","url":"https:\/\/minimove.fi\/move\/","logo":{"@type":"ImageObject","inLanguage":"fi","@id":"https:\/\/minimove.fi\/move\/#\/schema\/logo\/image\/","url":"https:\/\/minimove.fi\/move\/wp-content\/uploads\/2019\/12\/minimove_logo_210px.png","contentUrl":"https:\/\/minimove.fi\/move\/wp-content\/uploads\/2019\/12\/minimove_logo_210px.png","width":210,"height":120,"caption":"Minimove"},"image":{"@id":"https:\/\/minimove.fi\/move\/#\/schema\/logo\/image\/"}}]}},"_links":{"self":[{"href":"https:\/\/minimove.fi\/move\/wp-json\/wp\/v2\/pages\/8","targetHints":{"allow":["GET"]}}],"collection":[{"href":"https:\/\/minimove.fi\/move\/wp-json\/wp\/v2\/pages"}],"about":[{"href":"https:\/\/minimove.fi\/move\/wp-json\/wp\/v2\/types\/page"}],"author":[{"embeddable":true,"href":"https:\/\/minimove.fi\/move\/wp-json\/wp\/v2\/users\/3"}],"replies":[{"embeddable":true,"href":"https:\/\/minimove.fi\/move\/wp-json\/wp\/v2\/comments?post=8"}],"version-history":[{"count":37,"href":"https:\/\/minimove.fi\/move\/wp-json\/wp\/v2\/pages\/8\/revisions"}],"predecessor-version":[{"id":1385,"href":"https:\/\/minimove.fi\/move\/wp-json\/wp\/v2\/pages\/8\/revisions\/1385"}],"wp:attachment":[{"href":"https:\/\/minimove.fi\/move\/wp-json\/wp\/v2\/media?parent=8"}],"curies":[{"name":"wp","href":"https:\/\/api.w.org\/{rel}","templated":true}]}}