{"id":34,"date":"2019-12-11T03:55:02","date_gmt":"2019-12-11T03:55:02","guid":{"rendered":"http:\/\/77.240.19.22\/~minimove\/move\/?page_id=34"},"modified":"2022-01-18T07:06:00","modified_gmt":"2022-01-18T07:06:00","slug":"minimove-2","status":"publish","type":"page","link":"https:\/\/minimove.fi\/move\/","title":{"rendered":"MINIMOVE"},"content":{"rendered":"<p style=\"text-align: center;\"><img decoding=\"async\" class=\"size-full wp-image-311\" src=\"https:\/\/minimove.fi\/move\/wp-content\/uploads\/2020\/02\/etusivu_01.png\" alt=\"\" width=\"100%\" data-wp-editing=\"1\" \/><\/p>\n<h2 style=\"text-align: left;\"><span data-contrast=\"auto\"><strong>MiniMove lis\u00e4\u00e4 iloista liikett\u00e4 varhaiskasvatukseen ja alkuopetukseen!<\/strong><\/span><\/h2>\n<h3 style=\"text-align: left;\">MiniMovella suunnittelet ja toteutat helposti varhaisvuosien fyysisen aktiivisuuden suositusten mukaista liikuntaa sek\u00e4 lis\u00e4\u00e4t lasten iloista liikett\u00e4.<\/h3>\n<h3>MiniMove<\/h3>\n<ul>\n<li style=\"text-align: left;\"><span data-contrast=\"auto\"><strong>Helpottaa <\/strong>henkil\u00f6kunnan ty\u00f6t\u00e4<\/span><\/li>\n<li><strong>Auttaa <\/strong>liikunnan suunnittelussa, toteutuksessa ja seurannassa<\/li>\n<li style=\"text-align: left;\"><strong>Tekee <\/strong>monipuolisesta liikunnasta osan normaalia arkirytmi\u00e4<\/li>\n<li style=\"text-align: left;\"><strong>Innostaa <\/strong>liikkumaan, tukee omatoimisuutta ja toimimista vertaisryhm\u00e4ss\u00e4<\/li>\n<li style=\"text-align: left;\"><strong>Tukee <\/strong>liikuntamy\u00f6nteisen ilmapiirin ja toimintaymp\u00e4rist\u00f6n kehitt\u00e4mis<span data-contrast=\"auto\">t\u00e4<br \/>\n<\/span><\/li>\n<\/ul>\n<h3 style=\"text-align: left;\">MiniMove soveltuu<\/h3>\n<ul>\n<li><strong>Liikunnan suunnitteluun ja toteuttamiseen<\/strong><\/li>\n<li><b>Perusliikuntataitojen opettamiseen leikkien avulla<\/b><\/li>\n<li><strong>Siirtym\u00e4- ja odottelutilanteiden liikunnallistamiseen<\/strong><\/li>\n<li><strong>Liikunnan lis\u00e4\u00e4miseen niin sis\u00e4ll\u00e4 pieniss\u00e4 tiloissa kuin ulkona<\/strong><span data-contrast=\"auto\"><br \/>\n<\/span><\/li>\n<\/ul>\n<h3 style=\"text-align: left;\"><img loading=\"lazy\" decoding=\"async\" class=\"alignnone size-medium wp-image-208\" src=\"https:\/\/minimove.fi\/move\/wp-content\/uploads\/2020\/01\/kuva-1-213x300.png\" alt=\"\" width=\"213\" height=\"300\" srcset=\"https:\/\/minimove.fi\/move\/wp-content\/uploads\/2020\/01\/kuva-1-213x300.png 213w, https:\/\/minimove.fi\/move\/wp-content\/uploads\/2020\/01\/kuva-1.png 452w\" sizes=\"auto, (max-width: 213px) 100vw, 213px\" \/> <img loading=\"lazy\" decoding=\"async\" class=\"alignnone size-medium wp-image-222\" src=\"https:\/\/minimove.fi\/move\/wp-content\/uploads\/2020\/01\/kuva-2-1-216x300.png\" alt=\"\" width=\"216\" height=\"300\" srcset=\"https:\/\/minimove.fi\/move\/wp-content\/uploads\/2020\/01\/kuva-2-1-216x300.png 216w, https:\/\/minimove.fi\/move\/wp-content\/uploads\/2020\/01\/kuva-2-1.png 455w\" sizes=\"auto, (max-width: 216px) 100vw, 216px\" \/> <img loading=\"lazy\" decoding=\"async\" class=\"alignnone size-medium wp-image-219\" src=\"https:\/\/minimove.fi\/move\/wp-content\/uploads\/2020\/01\/kuva-3-213x300.png\" alt=\"\" width=\"213\" height=\"300\" srcset=\"https:\/\/minimove.fi\/move\/wp-content\/uploads\/2020\/01\/kuva-3-213x300.png 213w, https:\/\/minimove.fi\/move\/wp-content\/uploads\/2020\/01\/kuva-3.png 462w\" sizes=\"auto, (max-width: 213px) 100vw, 213px\" \/><\/h3>\n<h3 style=\"text-align: left;\"><\/h3>\n<h3><a href=\"https:\/\/minimove.fi\/move\/wp-content\/uploads\/2021\/06\/minimove_flyer_5_2021.pdf\">Katso MiniMoven esite &gt;&gt;<\/a><\/h3>\n<p>&nbsp;<\/p>\n<p style=\"text-align: left;\"><strong>MiniMoven <\/strong>tuottaa <a href=\"https:\/\/varhaiskasvattaja.fi\/varhaiskwp\/\" target=\"_blank\" rel=\"noopener noreferrer\">Varhaiskasvattaja<\/a>-tapahtumista tuttu <a href=\"https:\/\/globex.fi\/globexwp\/\" target=\"_blank\" rel=\"noopener noreferrer\">Globex Oy<\/a><\/p>\n<h3>Katso MiniMoven esittelyvideo<\/h3>\n<p><iframe loading=\"lazy\" title=\"YouTube video player\" src=\"https:\/\/www.youtube.com\/embed\/g9-jInDUb0o\" width=\"560\" height=\"315\" frameborder=\"0\" allowfullscreen=\"allowfullscreen\"><\/iframe><\/p>\n<!-- AddThis Advanced Settings generic via filter on the_content --><!-- AddThis Share Buttons generic via filter on the_content -->","protected":false},"excerpt":{"rendered":"<p>MiniMove lis\u00e4\u00e4 iloista liikett\u00e4 varhaiskasvatukseen ja alkuopetukseen! MiniMovella suunnittelet ja toteutat helposti varhaisvuosien fyysisen aktiivisuuden suositusten mukaista liikuntaa sek\u00e4 lis\u00e4\u00e4t lasten iloista liikett\u00e4. MiniMove Helpottaa henkil\u00f6kunnan ty\u00f6t\u00e4 Auttaa liikunnan suunnittelussa, toteutuksessa ja seurannassa Tekee monipuolisesta liikunnasta osan normaalia arkirytmi\u00e4 Innostaa liikkumaan, tukee omatoimisuutta ja toimimista vertaisryhm\u00e4ss\u00e4 Tukee liikuntamy\u00f6nteisen ilmapiirin ja toimintaymp\u00e4rist\u00f6n kehitt\u00e4mist\u00e4 MiniMove soveltuu Liikunnan&hellip; <br \/> <a class=\"read-more\" href=\"https:\/\/minimove.fi\/move\/\">Read more<\/a><!-- AddThis Advanced Settings generic via filter on get_the_excerpt --><!-- AddThis Share Buttons generic via filter on get_the_excerpt --><\/p>\n","protected":false},"author":3,"featured_media":0,"parent":0,"menu_order":0,"comment_status":"closed","ping_status":"closed","template":"","meta":{"_acf_changed":false,"footnotes":""},"class_list":["post-34","page","type-page","status-publish","hentry"],"acf":[],"yoast_head":"<!-- This site is optimized with the Yoast SEO plugin v27.6 - https:\/\/yoast.com\/product\/yoast-seo-wordpress\/ -->\n<title>MINIMOVE MiniMove lis\u00e4\u00e4 iloista liikett\u00e4 varhaiskasvatukseen - Minimove<\/title>\n<meta name=\"description\" content=\"MiniMovella suunnittelet ja toteutat helposti varhaisvuosien fyysisen aktiivisuuden suositusten mukaista liikuntaa. Lis\u00e4\u00e4 iloista liikett\u00e4.\" \/>\n<meta name=\"robots\" content=\"index, follow, max-snippet:-1, max-image-preview:large, max-video-preview:-1\" \/>\n<link rel=\"canonical\" href=\"https:\/\/minimove.fi\/move\/\" \/>\n<meta property=\"og:locale\" content=\"fi_FI\" \/>\n<meta property=\"og:type\" content=\"article\" \/>\n<meta property=\"og:title\" content=\"MINIMOVE MiniMove lis\u00e4\u00e4 iloista liikett\u00e4 varhaiskasvatukseen - Minimove\" \/>\n<meta property=\"og:description\" content=\"MiniMovella suunnittelet ja toteutat helposti varhaisvuosien fyysisen aktiivisuuden suositusten mukaista liikuntaa. Lis\u00e4\u00e4 iloista liikett\u00e4.\" \/>\n<meta property=\"og:url\" content=\"https:\/\/minimove.fi\/move\/\" \/>\n<meta property=\"og:site_name\" content=\"Minimove\" \/>\n<meta property=\"article:modified_time\" content=\"2022-01-18T07:06:00+00:00\" \/>\n<meta property=\"og:image\" content=\"https:\/\/minimove.fi\/move\/wp-content\/uploads\/2020\/02\/etusivu_01.png\" \/>\n<meta name=\"twitter:card\" content=\"summary_large_image\" \/>\n<meta name=\"twitter:label1\" content=\"Arvioitu lukuaika\" \/>\n\t<meta name=\"twitter:data1\" content=\"2 minuuttia\" \/>\n<script type=\"application\/ld+json\" class=\"yoast-schema-graph\">{\"@context\":\"https:\\\/\\\/schema.org\",\"@graph\":[{\"@type\":\"WebPage\",\"@id\":\"https:\\\/\\\/minimove.fi\\\/move\\\/\",\"url\":\"https:\\\/\\\/minimove.fi\\\/move\\\/\",\"name\":\"MINIMOVE MiniMove lis\u00e4\u00e4 iloista liikett\u00e4 varhaiskasvatukseen - Minimove\",\"isPartOf\":{\"@id\":\"https:\\\/\\\/minimove.fi\\\/move\\\/#website\"},\"primaryImageOfPage\":{\"@id\":\"https:\\\/\\\/minimove.fi\\\/move\\\/#primaryimage\"},\"image\":{\"@id\":\"https:\\\/\\\/minimove.fi\\\/move\\\/#primaryimage\"},\"thumbnailUrl\":\"https:\\\/\\\/minimove.fi\\\/move\\\/wp-content\\\/uploads\\\/2020\\\/02\\\/etusivu_01.png\",\"datePublished\":\"2019-12-11T03:55:02+00:00\",\"dateModified\":\"2022-01-18T07:06:00+00:00\",\"description\":\"MiniMovella suunnittelet ja toteutat helposti varhaisvuosien fyysisen aktiivisuuden suositusten mukaista liikuntaa. Lis\u00e4\u00e4 iloista liikett\u00e4.\",\"breadcrumb\":{\"@id\":\"https:\\\/\\\/minimove.fi\\\/move\\\/#breadcrumb\"},\"inLanguage\":\"fi\",\"potentialAction\":[{\"@type\":\"ReadAction\",\"target\":[\"https:\\\/\\\/minimove.fi\\\/move\\\/\"]}]},{\"@type\":\"ImageObject\",\"inLanguage\":\"fi\",\"@id\":\"https:\\\/\\\/minimove.fi\\\/move\\\/#primaryimage\",\"url\":\"https:\\\/\\\/minimove.fi\\\/move\\\/wp-content\\\/uploads\\\/2020\\\/02\\\/etusivu_01.png\",\"contentUrl\":\"https:\\\/\\\/minimove.fi\\\/move\\\/wp-content\\\/uploads\\\/2020\\\/02\\\/etusivu_01.png\",\"width\":1616,\"height\":895},{\"@type\":\"BreadcrumbList\",\"@id\":\"https:\\\/\\\/minimove.fi\\\/move\\\/#breadcrumb\",\"itemListElement\":[{\"@type\":\"ListItem\",\"position\":1,\"name\":\"Etusivu\",\"item\":\"https:\\\/\\\/minimove.fi\\\/move\\\/\"},{\"@type\":\"ListItem\",\"position\":2,\"name\":\"MINIMOVE\"}]},{\"@type\":\"WebSite\",\"@id\":\"https:\\\/\\\/minimove.fi\\\/move\\\/#website\",\"url\":\"https:\\\/\\\/minimove.fi\\\/move\\\/\",\"name\":\"Minimove\",\"description\":\"Iloista liikett&auml; varhaiskasvatukseen!\",\"publisher\":{\"@id\":\"https:\\\/\\\/minimove.fi\\\/move\\\/#organization\"},\"potentialAction\":[{\"@type\":\"SearchAction\",\"target\":{\"@type\":\"EntryPoint\",\"urlTemplate\":\"https:\\\/\\\/minimove.fi\\\/move\\\/?s={search_term_string}\"},\"query-input\":{\"@type\":\"PropertyValueSpecification\",\"valueRequired\":true,\"valueName\":\"search_term_string\"}}],\"inLanguage\":\"fi\"},{\"@type\":\"Organization\",\"@id\":\"https:\\\/\\\/minimove.fi\\\/move\\\/#organization\",\"name\":\"Minimove\",\"url\":\"https:\\\/\\\/minimove.fi\\\/move\\\/\",\"logo\":{\"@type\":\"ImageObject\",\"inLanguage\":\"fi\",\"@id\":\"https:\\\/\\\/minimove.fi\\\/move\\\/#\\\/schema\\\/logo\\\/image\\\/\",\"url\":\"https:\\\/\\\/minimove.fi\\\/move\\\/wp-content\\\/uploads\\\/2019\\\/12\\\/minimove_logo_210px.png\",\"contentUrl\":\"https:\\\/\\\/minimove.fi\\\/move\\\/wp-content\\\/uploads\\\/2019\\\/12\\\/minimove_logo_210px.png\",\"width\":210,\"height\":120,\"caption\":\"Minimove\"},\"image\":{\"@id\":\"https:\\\/\\\/minimove.fi\\\/move\\\/#\\\/schema\\\/logo\\\/image\\\/\"}}]}<\/script>\n<!-- \/ Yoast SEO plugin. -->","yoast_head_json":{"title":"MINIMOVE MiniMove lis\u00e4\u00e4 iloista liikett\u00e4 varhaiskasvatukseen - Minimove","description":"MiniMovella suunnittelet ja toteutat helposti varhaisvuosien fyysisen aktiivisuuden suositusten mukaista liikuntaa. Lis\u00e4\u00e4 iloista liikett\u00e4.","robots":{"index":"index","follow":"follow","max-snippet":"max-snippet:-1","max-image-preview":"max-image-preview:large","max-video-preview":"max-video-preview:-1"},"canonical":"https:\/\/minimove.fi\/move\/","og_locale":"fi_FI","og_type":"article","og_title":"MINIMOVE MiniMove lis\u00e4\u00e4 iloista liikett\u00e4 varhaiskasvatukseen - Minimove","og_description":"MiniMovella suunnittelet ja toteutat helposti varhaisvuosien fyysisen aktiivisuuden suositusten mukaista liikuntaa. Lis\u00e4\u00e4 iloista liikett\u00e4.","og_url":"https:\/\/minimove.fi\/move\/","og_site_name":"Minimove","article_modified_time":"2022-01-18T07:06:00+00:00","og_image":[{"url":"https:\/\/minimove.fi\/move\/wp-content\/uploads\/2020\/02\/etusivu_01.png","type":"","width":"","height":""}],"twitter_card":"summary_large_image","twitter_misc":{"Arvioitu lukuaika":"2 minuuttia"},"schema":{"@context":"https:\/\/schema.org","@graph":[{"@type":"WebPage","@id":"https:\/\/minimove.fi\/move\/","url":"https:\/\/minimove.fi\/move\/","name":"MINIMOVE MiniMove lis\u00e4\u00e4 iloista liikett\u00e4 varhaiskasvatukseen - Minimove","isPartOf":{"@id":"https:\/\/minimove.fi\/move\/#website"},"primaryImageOfPage":{"@id":"https:\/\/minimove.fi\/move\/#primaryimage"},"image":{"@id":"https:\/\/minimove.fi\/move\/#primaryimage"},"thumbnailUrl":"https:\/\/minimove.fi\/move\/wp-content\/uploads\/2020\/02\/etusivu_01.png","datePublished":"2019-12-11T03:55:02+00:00","dateModified":"2022-01-18T07:06:00+00:00","description":"MiniMovella suunnittelet ja toteutat helposti varhaisvuosien fyysisen aktiivisuuden suositusten mukaista liikuntaa. Lis\u00e4\u00e4 iloista liikett\u00e4.","breadcrumb":{"@id":"https:\/\/minimove.fi\/move\/#breadcrumb"},"inLanguage":"fi","potentialAction":[{"@type":"ReadAction","target":["https:\/\/minimove.fi\/move\/"]}]},{"@type":"ImageObject","inLanguage":"fi","@id":"https:\/\/minimove.fi\/move\/#primaryimage","url":"https:\/\/minimove.fi\/move\/wp-content\/uploads\/2020\/02\/etusivu_01.png","contentUrl":"https:\/\/minimove.fi\/move\/wp-content\/uploads\/2020\/02\/etusivu_01.png","width":1616,"height":895},{"@type":"BreadcrumbList","@id":"https:\/\/minimove.fi\/move\/#breadcrumb","itemListElement":[{"@type":"ListItem","position":1,"name":"Etusivu","item":"https:\/\/minimove.fi\/move\/"},{"@type":"ListItem","position":2,"name":"MINIMOVE"}]},{"@type":"WebSite","@id":"https:\/\/minimove.fi\/move\/#website","url":"https:\/\/minimove.fi\/move\/","name":"Minimove","description":"Iloista liikett&auml; varhaiskasvatukseen!","publisher":{"@id":"https:\/\/minimove.fi\/move\/#organization"},"potentialAction":[{"@type":"SearchAction","target":{"@type":"EntryPoint","urlTemplate":"https:\/\/minimove.fi\/move\/?s={search_term_string}"},"query-input":{"@type":"PropertyValueSpecification","valueRequired":true,"valueName":"search_term_string"}}],"inLanguage":"fi"},{"@type":"Organization","@id":"https:\/\/minimove.fi\/move\/#organization","name":"Minimove","url":"https:\/\/minimove.fi\/move\/","logo":{"@type":"ImageObject","inLanguage":"fi","@id":"https:\/\/minimove.fi\/move\/#\/schema\/logo\/image\/","url":"https:\/\/minimove.fi\/move\/wp-content\/uploads\/2019\/12\/minimove_logo_210px.png","contentUrl":"https:\/\/minimove.fi\/move\/wp-content\/uploads\/2019\/12\/minimove_logo_210px.png","width":210,"height":120,"caption":"Minimove"},"image":{"@id":"https:\/\/minimove.fi\/move\/#\/schema\/logo\/image\/"}}]}},"_links":{"self":[{"href":"https:\/\/minimove.fi\/move\/wp-json\/wp\/v2\/pages\/34","targetHints":{"allow":["GET"]}}],"collection":[{"href":"https:\/\/minimove.fi\/move\/wp-json\/wp\/v2\/pages"}],"about":[{"href":"https:\/\/minimove.fi\/move\/wp-json\/wp\/v2\/types\/page"}],"author":[{"embeddable":true,"href":"https:\/\/minimove.fi\/move\/wp-json\/wp\/v2\/users\/3"}],"replies":[{"embeddable":true,"href":"https:\/\/minimove.fi\/move\/wp-json\/wp\/v2\/comments?post=34"}],"version-history":[{"count":90,"href":"https:\/\/minimove.fi\/move\/wp-json\/wp\/v2\/pages\/34\/revisions"}],"predecessor-version":[{"id":1314,"href":"https:\/\/minimove.fi\/move\/wp-json\/wp\/v2\/pages\/34\/revisions\/1314"}],"wp:attachment":[{"href":"https:\/\/minimove.fi\/move\/wp-json\/wp\/v2\/media?parent=34"}],"curies":[{"name":"wp","href":"https:\/\/api.w.org\/{rel}","templated":true}]}}