{"id":2,"date":"2019-12-11T05:08:41","date_gmt":"2019-12-11T05:08:41","guid":{"rendered":"https:\/\/minimove.fi\/move\/?page_id=2"},"modified":"2022-03-09T10:23:43","modified_gmt":"2022-03-09T10:23:43","slug":"materiaalit","status":"publish","type":"page","link":"https:\/\/minimove.fi\/move\/materiaalit\/","title":{"rendered":"MATERIAALI"},"content":{"rendered":"<h2><img loading=\"lazy\" decoding=\"async\" class=\"alignright wp-image-170\" src=\"https:\/\/minimove.fi\/move\/wp-content\/uploads\/2020\/01\/minimove_kuva3.png\" alt=\"\" width=\"481\" height=\"400\" srcset=\"https:\/\/minimove.fi\/move\/wp-content\/uploads\/2020\/01\/minimove_kuva3.png 575w, https:\/\/minimove.fi\/move\/wp-content\/uploads\/2020\/01\/minimove_kuva3-300x250.png 300w\" sizes=\"auto, (max-width: 481px) 100vw, 481px\" \/>Valmis, konkreettinen ja monipuolinen materiaali &#8211; lis\u00e4\u00e4 iloista liikett\u00e4!<\/h2>\n<p>&nbsp;<\/p>\n<h3><strong>MiniMoven liikuntamateriaali<\/strong><\/h3>\n<p><strong> Sis\u00e4lt\u00e4\u00e4 n. 150 korttia:<\/strong><\/p>\n<ul>\n<li>Liikunnan vuosisuunnitelma ja teht\u00e4v\u00e4t<\/li>\n<li>Liikuntataitokortit 53 kpl<\/li>\n<li>Hyppykortit 20 kpl<\/li>\n<li>Asentokortit 20 kpl<\/li>\n<li>Leikkikortit 20 kpl<\/li>\n<li>Kuva- ja v\u00e4risuunnistuskortit 29 kpl<\/li>\n<li>Numerokortit 10 kpl<\/li>\n<li>Viikkohaaste ja teht\u00e4v\u00e4t<\/li>\n<li>K\u00e4tev\u00e4 ja kest\u00e4v\u00e4 s\u00e4ilytyspussi<\/li>\n<\/ul>\n<p><strong>Materiaalin k\u00e4ytt\u00f6 opastetaan videokoulutuksessa.<\/strong><\/p>\n<p>Tutustu MiniMoveen tarkemmin <a href=\"https:\/\/minimove.fi\/move\/\">T\u00c4\u00c4LL\u00c4&gt;&gt;<\/a><\/p>\n<p>Tutustu videokoulutukseen <a href=\"https:\/\/minimove.fi\/move\/koulutus\/\">T\u00c4\u00c4Ll\u00c4&gt;&gt;<\/a><\/p>\n<p><img loading=\"lazy\" decoding=\"async\" class=\" wp-image-187 alignright\" src=\"https:\/\/minimove.fi\/move\/wp-content\/uploads\/2020\/01\/minimove_kuva6-242x300.png\" alt=\"\" width=\"101\" height=\"125\" srcset=\"https:\/\/minimove.fi\/move\/wp-content\/uploads\/2020\/01\/minimove_kuva6-242x300.png 242w, https:\/\/minimove.fi\/move\/wp-content\/uploads\/2020\/01\/minimove_kuva6.png 289w\" sizes=\"auto, (max-width: 101px) 100vw, 101px\" \/><\/p>\n<h2><strong>MiniMoven materiaali soveltuu sis\u00e4- ja ulkok\u00e4ytt\u00f6\u00f6n<\/strong><\/h2>\n<ul>\n<li>Liikunnan vuosisuunnitelman ja teht\u00e4v\u00e4korttien avulla on <strong>helppoa suunnitella<\/strong> koko toimintavuoden liikunnat ja seurata suunnitelman toteutumista.<\/li>\n<\/ul>\n<p>&nbsp;<\/p>\n<ul>\n<li><strong>Vuosisuunnitelma on muokattavissa<\/strong> ryhm\u00e4n taitotason ja etenemisen mukaan joka vuosi. Se kannattaa laittaa esille my\u00f6s vanhempien n\u00e4ht\u00e4ville.<\/li>\n<\/ul>\n<p>&nbsp;<\/p>\n<ul>\n<li><strong>Kaikki materiaalipaketin mukana tulevat kortit tukevat ja auttavat toiminnan toteuttamisessa.<\/strong> Lis\u00e4ksi korteilla voi liikunnallistaa esimerkiksi odottelu- ja siirtym\u00e4tilanteita.<\/li>\n<\/ul>\n<p>&nbsp;<\/p>\n<ul>\n<li>Korttien kuvitus on <strong>suunniteltu lasten k\u00e4ytt\u00f6\u00e4 ajatellen<\/strong>. Ne kiinnostavat ja innostavat my\u00f6s omatoimiseen liikkumiseen.<\/li>\n<\/ul>\n<p>&nbsp;<\/p>\n<ul>\n<li>Materiaali on <strong>s\u00e4\u00e4nkest\u00e4v\u00e4\u00e4<\/strong> ja sit\u00e4 voi k\u00e4ytt\u00e4\u00e4 niin sis\u00e4ll\u00e4 kuin ulkona. Kortit kest\u00e4v\u00e4t hyvin my\u00f6s lasten k\u00e4siss\u00e4.<\/li>\n<\/ul>\n<p>&nbsp;<\/p>\n<p><img loading=\"lazy\" decoding=\"async\" class=\"alignnone size-medium wp-image-113\" src=\"https:\/\/minimove.fi\/move\/wp-content\/uploads\/2020\/01\/N\u00e4ytt\u00f6kuva-2020-1-21-kello-13.17.22-214x300.png\" alt=\"\" width=\"214\" height=\"300\" srcset=\"https:\/\/minimove.fi\/move\/wp-content\/uploads\/2020\/01\/N\u00e4ytt\u00f6kuva-2020-1-21-kello-13.17.22-214x300.png 214w, https:\/\/minimove.fi\/move\/wp-content\/uploads\/2020\/01\/N\u00e4ytt\u00f6kuva-2020-1-21-kello-13.17.22.png 333w\" sizes=\"auto, (max-width: 214px) 100vw, 214px\" \/> <img loading=\"lazy\" decoding=\"async\" class=\"alignnone size-medium wp-image-248\" src=\"https:\/\/minimove.fi\/move\/wp-content\/uploads\/2020\/01\/kuva-4-300x215.png\" alt=\"\" width=\"300\" height=\"215\" srcset=\"https:\/\/minimove.fi\/move\/wp-content\/uploads\/2020\/01\/kuva-4-300x215.png 300w, https:\/\/minimove.fi\/move\/wp-content\/uploads\/2020\/01\/kuva-4-768x550.png 768w, https:\/\/minimove.fi\/move\/wp-content\/uploads\/2020\/01\/kuva-4.png 1002w\" sizes=\"auto, (max-width: 300px) 100vw, 300px\" \/> <img loading=\"lazy\" decoding=\"async\" class=\"alignnone size-medium wp-image-250\" src=\"https:\/\/minimove.fi\/move\/wp-content\/uploads\/2020\/01\/kuva-5-217x300.png\" alt=\"\" width=\"217\" height=\"300\" srcset=\"https:\/\/minimove.fi\/move\/wp-content\/uploads\/2020\/01\/kuva-5-217x300.png 217w, https:\/\/minimove.fi\/move\/wp-content\/uploads\/2020\/01\/kuva-5.png 440w\" sizes=\"auto, (max-width: 217px) 100vw, 217px\" \/><\/p>\n<p style=\"text-align: left;\"><strong>HUOM! MiniMove-materiaalipaketti on saatavilla vain koulutuksen suorittaneille. Materiaalia ei saa jakaa eteenp\u00e4in kolmansille osapuolille ilman lupaa.<\/strong><\/p>\n<h4><a href=\"https:\/\/minimove.fi\/move\/tilauslomake\/\" target=\"_blank\" rel=\"noopener noreferrer\"><strong>T\u00e4st\u00e4 p\u00e4\u00e4set tilaamaan &gt;&gt;<\/strong><\/a><\/h4>\n<!-- AddThis Advanced Settings generic via filter on the_content --><!-- AddThis Share Buttons generic via filter on the_content -->","protected":false},"excerpt":{"rendered":"<p>Valmis, konkreettinen ja monipuolinen materiaali &#8211; lis\u00e4\u00e4 iloista liikett\u00e4! &nbsp; MiniMoven liikuntamateriaali Sis\u00e4lt\u00e4\u00e4 n. 150 korttia: Liikunnan vuosisuunnitelma ja teht\u00e4v\u00e4t Liikuntataitokortit 53 kpl Hyppykortit 20 kpl Asentokortit 20 kpl Leikkikortit 20 kpl Kuva- ja v\u00e4risuunnistuskortit 29 kpl Numerokortit 10 kpl Viikkohaaste ja teht\u00e4v\u00e4t K\u00e4tev\u00e4 ja kest\u00e4v\u00e4 s\u00e4ilytyspussi Materiaalin k\u00e4ytt\u00f6 opastetaan videokoulutuksessa. Tutustu MiniMoveen tarkemmin T\u00c4\u00c4LL\u00c4&gt;&gt;&hellip; <br \/> <a class=\"read-more\" href=\"https:\/\/minimove.fi\/move\/materiaalit\/\">Read more<\/a><!-- AddThis Advanced Settings generic via filter on get_the_excerpt --><!-- AddThis Share Buttons generic via filter on get_the_excerpt --><\/p>\n","protected":false},"author":3,"featured_media":0,"parent":0,"menu_order":0,"comment_status":"closed","ping_status":"open","template":"","meta":{"_acf_changed":false,"footnotes":""},"class_list":["post-2","page","type-page","status-publish","hentry"],"acf":[],"yoast_head":"<!-- This site is optimized with the Yoast SEO plugin v27.6 - https:\/\/yoast.com\/product\/yoast-seo-wordpress\/ -->\n<title>Valmis, konkreettinen ja monipuolinen materiaali - lis\u00e4\u00e4 iloista liikett\u00e4!<\/title>\n<meta name=\"description\" content=\"Valmis, konkreettinen ja monipuolinen materiaali - lis\u00e4\u00e4 iloista liikett\u00e4 MiniMoven liikuntamateriaalilla.\" \/>\n<meta name=\"robots\" content=\"index, follow, max-snippet:-1, max-image-preview:large, max-video-preview:-1\" \/>\n<link rel=\"canonical\" href=\"https:\/\/minimove.fi\/move\/materiaalit\/\" \/>\n<meta property=\"og:locale\" content=\"fi_FI\" \/>\n<meta property=\"og:type\" content=\"article\" \/>\n<meta property=\"og:title\" content=\"Valmis, konkreettinen ja monipuolinen materiaali - lis\u00e4\u00e4 iloista liikett\u00e4!\" \/>\n<meta property=\"og:description\" content=\"Valmis, konkreettinen ja monipuolinen materiaali - lis\u00e4\u00e4 iloista liikett\u00e4 MiniMoven liikuntamateriaalilla.\" \/>\n<meta property=\"og:url\" content=\"https:\/\/minimove.fi\/move\/materiaalit\/\" \/>\n<meta property=\"og:site_name\" content=\"Minimove\" \/>\n<meta property=\"article:modified_time\" content=\"2022-03-09T10:23:43+00:00\" \/>\n<meta property=\"og:image\" content=\"https:\/\/minimove.fi\/move\/wp-content\/uploads\/2020\/01\/minimove_kuva3.png\" \/>\n<meta name=\"twitter:card\" content=\"summary_large_image\" \/>\n<meta name=\"twitter:label1\" content=\"Arvioitu lukuaika\" \/>\n\t<meta name=\"twitter:data1\" content=\"3 minuuttia\" \/>\n<script type=\"application\/ld+json\" class=\"yoast-schema-graph\">{\"@context\":\"https:\\\/\\\/schema.org\",\"@graph\":[{\"@type\":\"WebPage\",\"@id\":\"https:\\\/\\\/minimove.fi\\\/move\\\/materiaalit\\\/\",\"url\":\"https:\\\/\\\/minimove.fi\\\/move\\\/materiaalit\\\/\",\"name\":\"Valmis, konkreettinen ja monipuolinen materiaali - lis\u00e4\u00e4 iloista liikett\u00e4!\",\"isPartOf\":{\"@id\":\"https:\\\/\\\/minimove.fi\\\/move\\\/#website\"},\"primaryImageOfPage\":{\"@id\":\"https:\\\/\\\/minimove.fi\\\/move\\\/materiaalit\\\/#primaryimage\"},\"image\":{\"@id\":\"https:\\\/\\\/minimove.fi\\\/move\\\/materiaalit\\\/#primaryimage\"},\"thumbnailUrl\":\"https:\\\/\\\/minimove.fi\\\/move\\\/wp-content\\\/uploads\\\/2020\\\/01\\\/minimove_kuva3.png\",\"datePublished\":\"2019-12-11T05:08:41+00:00\",\"dateModified\":\"2022-03-09T10:23:43+00:00\",\"description\":\"Valmis, konkreettinen ja monipuolinen materiaali - lis\u00e4\u00e4 iloista liikett\u00e4 MiniMoven liikuntamateriaalilla.\",\"breadcrumb\":{\"@id\":\"https:\\\/\\\/minimove.fi\\\/move\\\/materiaalit\\\/#breadcrumb\"},\"inLanguage\":\"fi\",\"potentialAction\":[{\"@type\":\"ReadAction\",\"target\":[\"https:\\\/\\\/minimove.fi\\\/move\\\/materiaalit\\\/\"]}]},{\"@type\":\"ImageObject\",\"inLanguage\":\"fi\",\"@id\":\"https:\\\/\\\/minimove.fi\\\/move\\\/materiaalit\\\/#primaryimage\",\"url\":\"https:\\\/\\\/minimove.fi\\\/move\\\/wp-content\\\/uploads\\\/2020\\\/01\\\/minimove_kuva3.png\",\"contentUrl\":\"https:\\\/\\\/minimove.fi\\\/move\\\/wp-content\\\/uploads\\\/2020\\\/01\\\/minimove_kuva3.png\",\"width\":575,\"height\":479},{\"@type\":\"BreadcrumbList\",\"@id\":\"https:\\\/\\\/minimove.fi\\\/move\\\/materiaalit\\\/#breadcrumb\",\"itemListElement\":[{\"@type\":\"ListItem\",\"position\":1,\"name\":\"Etusivu\",\"item\":\"https:\\\/\\\/minimove.fi\\\/move\\\/\"},{\"@type\":\"ListItem\",\"position\":2,\"name\":\"MATERIAALI\"}]},{\"@type\":\"WebSite\",\"@id\":\"https:\\\/\\\/minimove.fi\\\/move\\\/#website\",\"url\":\"https:\\\/\\\/minimove.fi\\\/move\\\/\",\"name\":\"Minimove\",\"description\":\"Iloista liikett&auml; varhaiskasvatukseen!\",\"publisher\":{\"@id\":\"https:\\\/\\\/minimove.fi\\\/move\\\/#organization\"},\"potentialAction\":[{\"@type\":\"SearchAction\",\"target\":{\"@type\":\"EntryPoint\",\"urlTemplate\":\"https:\\\/\\\/minimove.fi\\\/move\\\/?s={search_term_string}\"},\"query-input\":{\"@type\":\"PropertyValueSpecification\",\"valueRequired\":true,\"valueName\":\"search_term_string\"}}],\"inLanguage\":\"fi\"},{\"@type\":\"Organization\",\"@id\":\"https:\\\/\\\/minimove.fi\\\/move\\\/#organization\",\"name\":\"Minimove\",\"url\":\"https:\\\/\\\/minimove.fi\\\/move\\\/\",\"logo\":{\"@type\":\"ImageObject\",\"inLanguage\":\"fi\",\"@id\":\"https:\\\/\\\/minimove.fi\\\/move\\\/#\\\/schema\\\/logo\\\/image\\\/\",\"url\":\"https:\\\/\\\/minimove.fi\\\/move\\\/wp-content\\\/uploads\\\/2019\\\/12\\\/minimove_logo_210px.png\",\"contentUrl\":\"https:\\\/\\\/minimove.fi\\\/move\\\/wp-content\\\/uploads\\\/2019\\\/12\\\/minimove_logo_210px.png\",\"width\":210,\"height\":120,\"caption\":\"Minimove\"},\"image\":{\"@id\":\"https:\\\/\\\/minimove.fi\\\/move\\\/#\\\/schema\\\/logo\\\/image\\\/\"}}]}<\/script>\n<!-- \/ Yoast SEO plugin. -->","yoast_head_json":{"title":"Valmis, konkreettinen ja monipuolinen materiaali - lis\u00e4\u00e4 iloista liikett\u00e4!","description":"Valmis, konkreettinen ja monipuolinen materiaali - lis\u00e4\u00e4 iloista liikett\u00e4 MiniMoven liikuntamateriaalilla.","robots":{"index":"index","follow":"follow","max-snippet":"max-snippet:-1","max-image-preview":"max-image-preview:large","max-video-preview":"max-video-preview:-1"},"canonical":"https:\/\/minimove.fi\/move\/materiaalit\/","og_locale":"fi_FI","og_type":"article","og_title":"Valmis, konkreettinen ja monipuolinen materiaali - lis\u00e4\u00e4 iloista liikett\u00e4!","og_description":"Valmis, konkreettinen ja monipuolinen materiaali - lis\u00e4\u00e4 iloista liikett\u00e4 MiniMoven liikuntamateriaalilla.","og_url":"https:\/\/minimove.fi\/move\/materiaalit\/","og_site_name":"Minimove","article_modified_time":"2022-03-09T10:23:43+00:00","og_image":[{"url":"https:\/\/minimove.fi\/move\/wp-content\/uploads\/2020\/01\/minimove_kuva3.png","type":"","width":"","height":""}],"twitter_card":"summary_large_image","twitter_misc":{"Arvioitu lukuaika":"3 minuuttia"},"schema":{"@context":"https:\/\/schema.org","@graph":[{"@type":"WebPage","@id":"https:\/\/minimove.fi\/move\/materiaalit\/","url":"https:\/\/minimove.fi\/move\/materiaalit\/","name":"Valmis, konkreettinen ja monipuolinen materiaali - lis\u00e4\u00e4 iloista liikett\u00e4!","isPartOf":{"@id":"https:\/\/minimove.fi\/move\/#website"},"primaryImageOfPage":{"@id":"https:\/\/minimove.fi\/move\/materiaalit\/#primaryimage"},"image":{"@id":"https:\/\/minimove.fi\/move\/materiaalit\/#primaryimage"},"thumbnailUrl":"https:\/\/minimove.fi\/move\/wp-content\/uploads\/2020\/01\/minimove_kuva3.png","datePublished":"2019-12-11T05:08:41+00:00","dateModified":"2022-03-09T10:23:43+00:00","description":"Valmis, konkreettinen ja monipuolinen materiaali - lis\u00e4\u00e4 iloista liikett\u00e4 MiniMoven liikuntamateriaalilla.","breadcrumb":{"@id":"https:\/\/minimove.fi\/move\/materiaalit\/#breadcrumb"},"inLanguage":"fi","potentialAction":[{"@type":"ReadAction","target":["https:\/\/minimove.fi\/move\/materiaalit\/"]}]},{"@type":"ImageObject","inLanguage":"fi","@id":"https:\/\/minimove.fi\/move\/materiaalit\/#primaryimage","url":"https:\/\/minimove.fi\/move\/wp-content\/uploads\/2020\/01\/minimove_kuva3.png","contentUrl":"https:\/\/minimove.fi\/move\/wp-content\/uploads\/2020\/01\/minimove_kuva3.png","width":575,"height":479},{"@type":"BreadcrumbList","@id":"https:\/\/minimove.fi\/move\/materiaalit\/#breadcrumb","itemListElement":[{"@type":"ListItem","position":1,"name":"Etusivu","item":"https:\/\/minimove.fi\/move\/"},{"@type":"ListItem","position":2,"name":"MATERIAALI"}]},{"@type":"WebSite","@id":"https:\/\/minimove.fi\/move\/#website","url":"https:\/\/minimove.fi\/move\/","name":"Minimove","description":"Iloista liikett&auml; varhaiskasvatukseen!","publisher":{"@id":"https:\/\/minimove.fi\/move\/#organization"},"potentialAction":[{"@type":"SearchAction","target":{"@type":"EntryPoint","urlTemplate":"https:\/\/minimove.fi\/move\/?s={search_term_string}"},"query-input":{"@type":"PropertyValueSpecification","valueRequired":true,"valueName":"search_term_string"}}],"inLanguage":"fi"},{"@type":"Organization","@id":"https:\/\/minimove.fi\/move\/#organization","name":"Minimove","url":"https:\/\/minimove.fi\/move\/","logo":{"@type":"ImageObject","inLanguage":"fi","@id":"https:\/\/minimove.fi\/move\/#\/schema\/logo\/image\/","url":"https:\/\/minimove.fi\/move\/wp-content\/uploads\/2019\/12\/minimove_logo_210px.png","contentUrl":"https:\/\/minimove.fi\/move\/wp-content\/uploads\/2019\/12\/minimove_logo_210px.png","width":210,"height":120,"caption":"Minimove"},"image":{"@id":"https:\/\/minimove.fi\/move\/#\/schema\/logo\/image\/"}}]}},"_links":{"self":[{"href":"https:\/\/minimove.fi\/move\/wp-json\/wp\/v2\/pages\/2","targetHints":{"allow":["GET"]}}],"collection":[{"href":"https:\/\/minimove.fi\/move\/wp-json\/wp\/v2\/pages"}],"about":[{"href":"https:\/\/minimove.fi\/move\/wp-json\/wp\/v2\/types\/page"}],"author":[{"embeddable":true,"href":"https:\/\/minimove.fi\/move\/wp-json\/wp\/v2\/users\/3"}],"replies":[{"embeddable":true,"href":"https:\/\/minimove.fi\/move\/wp-json\/wp\/v2\/comments?post=2"}],"version-history":[{"count":62,"href":"https:\/\/minimove.fi\/move\/wp-json\/wp\/v2\/pages\/2\/revisions"}],"predecessor-version":[{"id":1364,"href":"https:\/\/minimove.fi\/move\/wp-json\/wp\/v2\/pages\/2\/revisions\/1364"}],"wp:attachment":[{"href":"https:\/\/minimove.fi\/move\/wp-json\/wp\/v2\/media?parent=2"}],"curies":[{"name":"wp","href":"https:\/\/api.w.org\/{rel}","templated":true}]}}